{"id":19840,"date":"2026-03-03T14:37:23","date_gmt":"2026-03-03T14:37:23","guid":{"rendered":"https:\/\/avatar-craft.com\/product\/frost-raider\/"},"modified":"2026-03-03T14:37:23","modified_gmt":"2026-03-03T14:37:23","slug":"frost-raider","status":"publish","type":"product","link":"https:\/\/avatar-craft.com\/tr\/urun\/frost-raider\/","title":{"rendered":"Buz Ak\u0131nc\u0131s\u0131"},"content":{"rendered":"","protected":false},"excerpt":{"rendered":"","protected":false},"featured_media":19839,"comment_status":"open","ping_status":"closed","template":"","meta":[],"product_brand":[],"product_cat":[57],"product_tag":[],"class_list":{"0":"post-19840","1":"product","2":"type-product","3":"status-publish","4":"has-post-thumbnail","6":"product_cat-gaming-hero-avatars","8":"first","9":"instock","10":"shipping-taxable","11":"purchasable","12":"product-type-variable"},"_links":{"self":[{"href":"https:\/\/avatar-craft.com\/tr\/wp-json\/wp\/v2\/product\/19840","targetHints":{"allow":["GET"]}}],"collection":[{"href":"https:\/\/avatar-craft.com\/tr\/wp-json\/wp\/v2\/product"}],"about":[{"href":"https:\/\/avatar-craft.com\/tr\/wp-json\/wp\/v2\/types\/product"}],"replies":[{"embeddable":true,"href":"https:\/\/avatar-craft.com\/tr\/wp-json\/wp\/v2\/comments?post=19840"}],"wp:featuredmedia":[{"embeddable":true,"href":"https:\/\/avatar-craft.com\/tr\/wp-json\/wp\/v2\/media\/19839"}],"wp:attachment":[{"href":"https:\/\/avatar-craft.com\/tr\/wp-json\/wp\/v2\/media?parent=19840"}],"wp:term":[{"taxonomy":"product_brand","embeddable":true,"href":"https:\/\/avatar-craft.com\/tr\/wp-json\/wp\/v2\/product_brand?post=19840"},{"taxonomy":"product_cat","embeddable":true,"href":"https:\/\/avatar-craft.com\/tr\/wp-json\/wp\/v2\/product_cat?post=19840"},{"taxonomy":"product_tag","embeddable":true,"href":"https:\/\/avatar-craft.com\/tr\/wp-json\/wp\/v2\/product_tag?post=19840"}],"curies":[{"name":"wp","href":"https:\/\/api.w.org\/{rel}","templated":true}]}}