{"id":18634,"date":"2026-03-03T14:31:19","date_gmt":"2026-03-03T14:31:19","guid":{"rendered":"https:\/\/avatar-craft.com\/product\/gravebound-whisper\/"},"modified":"2026-03-03T14:31:19","modified_gmt":"2026-03-03T14:31:19","slug":"gravebound-whisper","status":"publish","type":"product","link":"https:\/\/avatar-craft.com\/tr\/urun\/gravebound-whisper\/","title":{"rendered":"Mezara Ba\u011fl\u0131 F\u0131s\u0131lt\u0131"},"content":{"rendered":"","protected":false},"excerpt":{"rendered":"","protected":false},"featured_media":18633,"comment_status":"open","ping_status":"closed","template":"","meta":[],"product_brand":[],"product_cat":[54],"product_tag":[],"class_list":{"0":"post-18634","1":"product","2":"type-product","3":"status-publish","4":"has-post-thumbnail","6":"product_cat-dark-gothic-characters","8":"first","9":"instock","10":"shipping-taxable","11":"purchasable","12":"product-type-variable"},"_links":{"self":[{"href":"https:\/\/avatar-craft.com\/tr\/wp-json\/wp\/v2\/product\/18634","targetHints":{"allow":["GET"]}}],"collection":[{"href":"https:\/\/avatar-craft.com\/tr\/wp-json\/wp\/v2\/product"}],"about":[{"href":"https:\/\/avatar-craft.com\/tr\/wp-json\/wp\/v2\/types\/product"}],"replies":[{"embeddable":true,"href":"https:\/\/avatar-craft.com\/tr\/wp-json\/wp\/v2\/comments?post=18634"}],"wp:featuredmedia":[{"embeddable":true,"href":"https:\/\/avatar-craft.com\/tr\/wp-json\/wp\/v2\/media\/18633"}],"wp:attachment":[{"href":"https:\/\/avatar-craft.com\/tr\/wp-json\/wp\/v2\/media?parent=18634"}],"wp:term":[{"taxonomy":"product_brand","embeddable":true,"href":"https:\/\/avatar-craft.com\/tr\/wp-json\/wp\/v2\/product_brand?post=18634"},{"taxonomy":"product_cat","embeddable":true,"href":"https:\/\/avatar-craft.com\/tr\/wp-json\/wp\/v2\/product_cat?post=18634"},{"taxonomy":"product_tag","embeddable":true,"href":"https:\/\/avatar-craft.com\/tr\/wp-json\/wp\/v2\/product_tag?post=18634"}],"curies":[{"name":"wp","href":"https:\/\/api.w.org\/{rel}","templated":true}]}}