{"id":18099,"date":"2026-03-03T14:28:43","date_gmt":"2026-03-03T14:28:43","guid":{"rendered":"https:\/\/avatar-craft.com\/product\/chrome-tempest\/"},"modified":"2026-03-03T14:28:43","modified_gmt":"2026-03-03T14:28:43","slug":"chrome-tempest","status":"publish","type":"product","link":"https:\/\/avatar-craft.com\/tr\/urun\/chrome-tempest\/","title":{"rendered":"Krom F\u0131rt\u0131nas\u0131"},"content":{"rendered":"","protected":false},"excerpt":{"rendered":"","protected":false},"featured_media":18098,"comment_status":"open","ping_status":"closed","template":"","meta":[],"product_brand":[],"product_cat":[53],"product_tag":[],"class_list":{"0":"post-18099","1":"product","2":"type-product","3":"status-publish","4":"has-post-thumbnail","6":"product_cat-cyberpunk-digital-identities","8":"first","9":"instock","10":"shipping-taxable","11":"purchasable","12":"product-type-variable"},"_links":{"self":[{"href":"https:\/\/avatar-craft.com\/tr\/wp-json\/wp\/v2\/product\/18099","targetHints":{"allow":["GET"]}}],"collection":[{"href":"https:\/\/avatar-craft.com\/tr\/wp-json\/wp\/v2\/product"}],"about":[{"href":"https:\/\/avatar-craft.com\/tr\/wp-json\/wp\/v2\/types\/product"}],"replies":[{"embeddable":true,"href":"https:\/\/avatar-craft.com\/tr\/wp-json\/wp\/v2\/comments?post=18099"}],"wp:featuredmedia":[{"embeddable":true,"href":"https:\/\/avatar-craft.com\/tr\/wp-json\/wp\/v2\/media\/18098"}],"wp:attachment":[{"href":"https:\/\/avatar-craft.com\/tr\/wp-json\/wp\/v2\/media?parent=18099"}],"wp:term":[{"taxonomy":"product_brand","embeddable":true,"href":"https:\/\/avatar-craft.com\/tr\/wp-json\/wp\/v2\/product_brand?post=18099"},{"taxonomy":"product_cat","embeddable":true,"href":"https:\/\/avatar-craft.com\/tr\/wp-json\/wp\/v2\/product_cat?post=18099"},{"taxonomy":"product_tag","embeddable":true,"href":"https:\/\/avatar-craft.com\/tr\/wp-json\/wp\/v2\/product_tag?post=18099"}],"curies":[{"name":"wp","href":"https:\/\/api.w.org\/{rel}","templated":true}]}}