{"id":17509,"date":"2026-03-03T14:26:24","date_gmt":"2026-03-03T14:26:24","guid":{"rendered":"https:\/\/avatar-craft.com\/product\/crimson-spark\/"},"modified":"2026-03-03T14:26:24","modified_gmt":"2026-03-03T14:26:24","slug":"crimson-spark","status":"publish","type":"product","link":"https:\/\/avatar-craft.com\/tr\/urun\/crimson-spark\/","title":{"rendered":"K\u0131z\u0131l K\u0131v\u0131lc\u0131m"},"content":{"rendered":"","protected":false},"excerpt":{"rendered":"","protected":false},"featured_media":17508,"comment_status":"open","ping_status":"closed","template":"","meta":[],"product_brand":[],"product_cat":[51],"product_tag":[],"class_list":{"0":"post-17509","1":"product","2":"type-product","3":"status-publish","4":"has-post-thumbnail","6":"product_cat-anime-style-characters","8":"first","9":"instock","10":"shipping-taxable","11":"purchasable","12":"product-type-variable"},"_links":{"self":[{"href":"https:\/\/avatar-craft.com\/tr\/wp-json\/wp\/v2\/product\/17509","targetHints":{"allow":["GET"]}}],"collection":[{"href":"https:\/\/avatar-craft.com\/tr\/wp-json\/wp\/v2\/product"}],"about":[{"href":"https:\/\/avatar-craft.com\/tr\/wp-json\/wp\/v2\/types\/product"}],"replies":[{"embeddable":true,"href":"https:\/\/avatar-craft.com\/tr\/wp-json\/wp\/v2\/comments?post=17509"}],"wp:featuredmedia":[{"embeddable":true,"href":"https:\/\/avatar-craft.com\/tr\/wp-json\/wp\/v2\/media\/17508"}],"wp:attachment":[{"href":"https:\/\/avatar-craft.com\/tr\/wp-json\/wp\/v2\/media?parent=17509"}],"wp:term":[{"taxonomy":"product_brand","embeddable":true,"href":"https:\/\/avatar-craft.com\/tr\/wp-json\/wp\/v2\/product_brand?post=17509"},{"taxonomy":"product_cat","embeddable":true,"href":"https:\/\/avatar-craft.com\/tr\/wp-json\/wp\/v2\/product_cat?post=17509"},{"taxonomy":"product_tag","embeddable":true,"href":"https:\/\/avatar-craft.com\/tr\/wp-json\/wp\/v2\/product_tag?post=17509"}],"curies":[{"name":"wp","href":"https:\/\/api.w.org\/{rel}","templated":true}]}}