{"id":9592,"date":"2025-02-12T06:59:28","date_gmt":"2025-02-12T06:59:28","guid":{"rendered":"https:\/\/demo.casethemes.net\/mouno\/?page_id=9592"},"modified":"2026-03-10T21:02:40","modified_gmt":"2026-03-10T21:02:40","slug":"contact-us","status":"publish","type":"page","link":"https:\/\/avatar-craft.com\/tr\/contact-us\/","title":{"rendered":"Temas etmek"},"content":{"rendered":"<div data-elementor-type=\"wp-page\" data-elementor-id=\"9592\" class=\"elementor elementor-9592\" data-elementor-post-type=\"page\">\n\t\t\t\t<div class=\"elementor-element elementor-element-b7691fb e-con-full e-flex e-con e-parent\" data-id=\"b7691fb\" data-element_type=\"container\" data-e-type=\"container\"><div class=\"elementor-element elementor-element-dfbff77 e-con-full e-flex e-con e-child\" data-id=\"dfbff77\" data-element_type=\"container\" data-e-type=\"container\">\t\t<div class=\"elementor-element elementor-element-a867d2b elementor-widget elementor-widget-text-editor\" data-id=\"a867d2b\" data-element_type=\"widget\" data-e-type=\"widget\" data-widget_type=\"text-editor.default\">\n\t\t\t\t\t\t\t\t\t<p>\u015eirket: NEWBRIDGE CAPITAL BATH LTD<\/p>\n<p>\u015eirket Numaras\u0131: 15793827<\/p>\n<p>Ofis Adresi: 6101 No&#039;lu B\u00f6l\u00fcm, 43 Owston Yolu,&nbsp;<\/p><p>Carcroft, Doncaster, Birle\u015fik Krall\u0131k, DN6 8DA<\/p>\n<p>E-posta Adresi: <a href=\"mailto:info@avatar-craft.com\">info@avatar-craft.com<\/a><\/p>\n<p>Say\u0131:&nbsp;<a href=\"tel: +44 7447 275989\">+44 7447 275989<\/a><\/p>\n<p><\/p>\t\t\t\t\t\t\t\t<\/div>\n\t\t\t\t<\/div>\r\n\t\t<div class=\"elementor-element elementor-element-cce0b33 e-con-full e-flex e-con e-child\" data-id=\"cce0b33\" data-element_type=\"container\" data-e-type=\"container\">\t\t<div class=\"elementor-element elementor-element-c5a346a elementor-widget elementor-widget-heading\" data-id=\"c5a346a\" data-element_type=\"widget\" data-e-type=\"widget\" data-widget_type=\"heading.default\">\n\t\t\t\t\t<h3 class=\"elementor-heading-title elementor-size-default\">Bir sorunuz, \u00f6neriniz veya fikriniz mi var?<\/h3>\t\t\t\t<\/div>\n\t\t\t\t<div class=\"elementor-element elementor-element-6249a19 elementor-widget elementor-widget-pxl_contact_form\" data-id=\"6249a19\" data-element_type=\"widget\" data-e-type=\"widget\" data-widget_type=\"pxl_contact_form.default\">\n\t\t\t\t<div class=\"elementor-widget-container\">\n\t\t\t\t\t            \n<div class=\"wpcf7 no-js\" id=\"wpcf7-f4794-o1\" lang=\"en-US\" dir=\"ltr\" data-wpcf7-id=\"4794\">\n<div class=\"screen-reader-response\"><p role=\"status\" aria-live=\"polite\" aria-atomic=\"true\"><\/p> <ul><\/ul><\/div>\n<form action=\"\/tr\/wp-json\/wp\/v2\/pages\/9592#wpcf7-f4794-o1\" method=\"post\" class=\"wpcf7-form init pxl-wpcf7-4794 form-style4\" aria-label=\"\u0130leti\u015fim formu\" novalidate=\"novalidate\" data-status=\"init\" data-trp-original-action=\"\/tr\/wp-json\/wp\/v2\/pages\/9592#wpcf7-f4794-o1\">\n<fieldset class=\"hidden-fields-container\"><input type=\"hidden\" name=\"_wpcf7\" value=\"4794\" \/><input type=\"hidden\" name=\"_wpcf7_version\" value=\"6.1.5\" \/><input type=\"hidden\" name=\"_wpcf7_locale\" value=\"en_US\" \/><input type=\"hidden\" name=\"_wpcf7_unit_tag\" value=\"wpcf7-f4794-o1\" \/><input type=\"hidden\" name=\"_wpcf7_container_post\" value=\"0\" \/><input type=\"hidden\" name=\"_wpcf7_posted_data_hash\" value=\"\" \/>\n<\/fieldset>\n<div class=\"cf7-contact-form\">\n\t<div class=\"cf7-row cf7-row-2\">\n\t\t<div class=\"cf7-field\">\n\t\t\t<p><span class=\"wpcf7-form-control-wrap\" data-name=\"your-name\"><input size=\"40\" maxlength=\"400\" class=\"wpcf7-form-control wpcf7-text wpcf7-validates-as-required\" aria-required=\"true\" aria-invalid=\"false\" placeholder=\"Ad\u0131n\u0131z ve soyad\u0131n\u0131z\" value=\"\" type=\"text\" name=\"your-name\" \/><\/span>\n\t\t\t<\/p>\n\t\t<\/div>\n\t\t<div class=\"cf7-field\">\n\t\t\t<p><span class=\"wpcf7-form-control-wrap\" data-name=\"your-email\"><input size=\"40\" maxlength=\"400\" class=\"wpcf7-form-control wpcf7-email wpcf7-validates-as-required wpcf7-text wpcf7-validates-as-email\" aria-required=\"true\" aria-invalid=\"false\" placeholder=\"E-posta adresi\" value=\"\" type=\"email\" name=\"your-email\" \/><\/span>\n\t\t\t<\/p>\n\t\t<\/div>\n\t<\/div>\n\t<div class=\"cf7-row\">\n\t\t<div class=\"cf7-field\">\n\t\t\t<p><span class=\"wpcf7-form-control-wrap\" data-name=\"your-subject\"><input size=\"40\" maxlength=\"400\" class=\"wpcf7-form-control wpcf7-text\" aria-invalid=\"false\" placeholder=\"Ders\" value=\"\" type=\"text\" name=\"your-subject\" \/><\/span>\n\t\t\t<\/p>\n\t\t<\/div>\n\t<\/div>\n\t<div class=\"cf7-row\">\n\t\t<div class=\"cf7-field\">\n\t\t\t<p><span class=\"wpcf7-form-control-wrap\" data-name=\"your-message\"><textarea cols=\"40\" rows=\"10\" maxlength=\"2000\" class=\"wpcf7-form-control wpcf7-textarea\" aria-invalid=\"false\" placeholder=\"Mesaj\" name=\"your-message\"><\/textarea><\/span>\n\t\t\t<\/p>\n\t\t<\/div>\n\t<\/div>\n\t<p><input class=\"wpcf7-form-control wpcf7-submit has-spinner cf7-hidden-submit\" type=\"submit\" value=\"G\u00f6ndermek\" \/>\n\t<\/p>\n<\/div><div class=\"wpcf7-response-output\" aria-hidden=\"true\"><\/div>\n<input type=\"hidden\" name=\"trp-form-language\" value=\"tr\"\/><\/form>\n<\/div>\n    \t\t\t\t<\/div>\n\t\t\t\t<\/div>\n\t\t\t\t<\/div>\r\n\t\t\t\t<\/div>\r\n\t\t<div class=\"elementor-element elementor-element-1259076 e-con-full e-flex e-con e-parent\" data-id=\"1259076\" data-element_type=\"container\" data-e-type=\"container\">\t\t<div class=\"elementor-element elementor-element-60a8bcc elementor-widget elementor-widget-html\" data-id=\"60a8bcc\" data-element_type=\"widget\" data-e-type=\"widget\" data-widget_type=\"html.default\">\n\t\t\t\t\t<iframe src=\"https:\/\/www.google.com\/maps\/embed?pb=!1m18!1m12!1m3!1d2368.6190750801147!2d-1.1792904!3d53.5824147!2m3!1f0!2f0!3f0!3m2!1i1024!2i768!4f13.1!3m3!1m2!1s0x487912f5ab4dfe4b%3A0x404a7e555b7988ff!2sDept%206101%2C%2043%20Owston%20Rd%2C%20Carcroft%2C%20Doncaster%20DN6%208DA%2C%20UK!5e0!3m2!1sen!2sua!4v1772786270506!5m2!1sen!2sua\" width=\"100%\" height=\"650\" style=\"border:0;\" allowfullscreen=\"\" loading=\"lazy\" referrerpolicy=\"no-referrer-when-downgrade\"><\/iframe>\t\t\t\t<\/div>\n\t\t\t\t<\/div>\r\n\t\t\t\t<\/div>","protected":false},"excerpt":{"rendered":"<p>Company: NEWBRIDGE CAPITAL BATH LTD Company Number: 15793827 Office Location: Dept 6101 43 Owston Road,&nbsp; Carcroft, Doncaster, United Kingdom, DN6 8DA Email Address: info@avatar-craft.com Number:&nbsp;+44 7447 275989 Do you have a question, suggestion or idea?<\/p>","protected":false},"author":1,"featured_media":0,"parent":0,"menu_order":0,"comment_status":"closed","ping_status":"closed","template":"","meta":{"footnotes":""},"class_list":["post-9592","page","type-page","status-publish","hentry"],"_links":{"self":[{"href":"https:\/\/avatar-craft.com\/tr\/wp-json\/wp\/v2\/pages\/9592","targetHints":{"allow":["GET"]}}],"collection":[{"href":"https:\/\/avatar-craft.com\/tr\/wp-json\/wp\/v2\/pages"}],"about":[{"href":"https:\/\/avatar-craft.com\/tr\/wp-json\/wp\/v2\/types\/page"}],"author":[{"embeddable":true,"href":"https:\/\/avatar-craft.com\/tr\/wp-json\/wp\/v2\/users\/1"}],"replies":[{"embeddable":true,"href":"https:\/\/avatar-craft.com\/tr\/wp-json\/wp\/v2\/comments?post=9592"}],"version-history":[{"count":16,"href":"https:\/\/avatar-craft.com\/tr\/wp-json\/wp\/v2\/pages\/9592\/revisions"}],"predecessor-version":[{"id":21300,"href":"https:\/\/avatar-craft.com\/tr\/wp-json\/wp\/v2\/pages\/9592\/revisions\/21300"}],"wp:attachment":[{"href":"https:\/\/avatar-craft.com\/tr\/wp-json\/wp\/v2\/media?parent=9592"}],"curies":[{"name":"wp","href":"https:\/\/api.w.org\/{rel}","templated":true}]}}