{"id":17420,"date":"2026-03-03T13:08:42","date_gmt":"2026-03-03T13:08:42","guid":{"rendered":"https:\/\/avatar-craft.com\/?page_id=17420"},"modified":"2026-03-03T13:08:50","modified_gmt":"2026-03-03T13:08:50","slug":"terms-conditions","status":"publish","type":"page","link":"https:\/\/avatar-craft.com\/tr\/terms-conditions\/","title":{"rendered":"\u015eartlar ve Ko\u015fullar"},"content":{"rendered":"<div style=\"height:100px\" aria-hidden=\"true\" class=\"wp-block-spacer\"><\/div>\n\n\n\n<p><strong>\u015eartlar ve Ko\u015fullar<\/strong><\/p>\n\n\n\n<p><strong>NEWBRIDGE CAPITAL BATH LTD\u2014 avatar-craft.com<\/strong><\/p>\n\n\n\n<p>Y\u00fcr\u00fcrl\u00fck tarihi: 25 A\u011fustos 2025<\/p>\n\n\n\n<ol start=\"1\" class=\"wp-block-list\">\n<li><strong>Hakk\u0131m\u0131zda ve \u0130leti\u015fim Bilgileri<\/strong><\/li>\n<\/ol>\n\n\n\n<p>Biz, NEWBRIDGE CAPITAL BATH LTD (\u015firket numaras\u0131 15793827) olarak, kay\u0131tl\u0131 ofis adresimiz: Dept 6101, 43 Owston Road, Carcroft, Doncaster, Birle\u015fik Krall\u0131k, DN6 8DA&#039;d\u0131r.<br>https:\/\/avatar-craft.com adresindeki internet sitesini (\u201cWeb Sitesi\u201d) \u201cPhoto Workshop\u201d markas\u0131 alt\u0131nda i\u015fletiyoruz.<br>Bu H\u00fck\u00fcm ve Ko\u015fullar (\u201cH\u00fck\u00fcmler\u201d) ile ilgili olarak bizimle info@avatar-craft.com adresinden ileti\u015fime ge\u00e7ebilirsiniz.<\/p>\n\n\n\n<ol start=\"2\" class=\"wp-block-list\">\n<li><strong>Bu \u015eartlar neleri kapsar ve kimler i\u00e7in ge\u00e7erlidir?<\/strong><\/li>\n<\/ol>\n\n\n\n<p>Bu \u015eartlar, Web Sitesine eri\u015fimi ve kullan\u0131m\u0131n\u0131, dijital i\u00e7eri\u011fimizin (s\u0131n\u0131rlama olmaks\u0131z\u0131n, stok g\u00f6rseller, yapay zeka taraf\u0131ndan olu\u015fturulan g\u00f6rseller ve di\u011fer indirilebilir varl\u0131klar dahil) sat\u0131n al\u0131nmas\u0131n\u0131 ve kullan\u0131lmas\u0131n\u0131 ve yapay zeka g\u00f6r\u00fcnt\u00fc olu\u015fturma mod\u00fcl\u00fcm\u00fcze eri\u015fimi sa\u011flayan \u00f6n \u00f6demeli kredilerin\/token&#039;lar\u0131n sat\u0131n al\u0131nmas\u0131n\u0131 ve kullan\u0131m\u0131n\u0131 (birlikte &quot;Hizmetler&quot;) d\u00fczenler.<br>Hesap olu\u015fturarak, herhangi bir dijital i\u00e7erik veya kredi\/jeton sat\u0131n alarak veya Hizmetleri ba\u015fka bir \u015fekilde kullanarak, bu \u015eartlara ba\u011fl\u0131 kalmay\u0131 kabul edersiniz.<br>Hizmetleri kullanmak i\u00e7in en az 18 ya\u015f\u0131nda olman\u0131z ve ba\u011flay\u0131c\u0131 bir s\u00f6zle\u015fme yapma ehliyetine sahip olman\u0131z gerekmektedir. Hizmetleri bir i\u015fletme ad\u0131na kullan\u0131yorsan\u0131z, bu i\u015fletmeyi bu \u015eartlara ba\u011flama yetkinizin oldu\u011funu onayl\u0131yorsunuz.<\/p>\n\n\n\n<ol start=\"3\" class=\"wp-block-list\">\n<li><strong>Abonelik yok \u2014 sadece \u00f6deme ile.<\/strong><\/li>\n<\/ol>\n\n\n\n<p>Tekrarlayan abonelik se\u00e7ene\u011fi sunmuyoruz. T\u00fcm sat\u0131n al\u0131mlar, dijital i\u00e7erik ve\/veya kredi\/token i\u00e7in tek seferlik (&quot;\u00f6deme&quot;) i\u015flemlerdir. Otomatik olarak tekrar eden bir \u00fccretlendirme yap\u0131lmayacakt\u0131r.<\/p>\n\n\n\n<ol start=\"4\" class=\"wp-block-list\">\n<li><strong>Para birimleri, fiyatland\u0131rma ve vergiler<\/strong><\/li>\n<\/ol>\n\n\n\n<p>Fiyatlar a\u015fa\u011f\u0131daki para birimlerinden bir veya daha fazlas\u0131 ile g\u00f6sterilir ve \u00f6denir: USD, EUR, AUD ve CAD. \u00d6deme arac\u0131n\u0131z ba\u015fka bir para birimindeyse, bankan\u0131z veya kart\u0131n\u0131z\u0131 veren kurulu\u015f kendi para birimi d\u00f6n\u00fc\u015ft\u00fcrme ve \u00fccretlerini uygulayabilir.<br>Ge\u00e7erli oldu\u011fu durumlarda, fiyatlara KDV veya sat\u0131\u015f vergileri dahildir veya bu vergiler ilgili yasalara uygun olarak \u00f6deme s\u0131ras\u0131nda ayr\u0131 olarak g\u00f6sterilir. Fiyatlar\u0131 zaman zaman de\u011fi\u015ftirebiliriz; de\u011fi\u015fiklikler taraf\u0131m\u0131zca zaten kabul edilmi\u015f sipari\u015fleri etkilemeyecektir.<\/p>\n\n\n\n<ol start=\"5\" class=\"wp-block-list\">\n<li><strong>Sipari\u015fler ve s\u00f6zle\u015fme olu\u015fturma<\/strong><\/li>\n<\/ol>\n\n\n\n<p>Dijital i\u00e7erik ve\/veya kredi\/token sipari\u015fi vererek, sat\u0131n alma teklifinde bulunmu\u015f olursunuz. Sipari\u015f onay\u0131n\u0131 size e-posta ile g\u00f6nderdi\u011fimizde veya sat\u0131n ald\u0131\u011f\u0131n\u0131z \u00fcr\u00fcn(ler)i size ba\u015fka bir \u015fekilde (\u00f6rne\u011fin, indirme ba\u011flant\u0131s\u0131, hesap bakiyesi g\u00fcncellemesi) sundu\u011fumuzda ba\u011flay\u0131c\u0131 bir s\u00f6zle\u015fme olu\u015fur.<br>Makul bir \u015fekilde doland\u0131r\u0131c\u0131l\u0131k, k\u00f6t\u00fcye kullan\u0131m, bu \u015eartlar\u0131n ihlali \u015f\u00fcphesi duydu\u011fumuz durumlarda veya yasa ya da \u00f6deme i\u015flemcimiz taraf\u0131ndan gerekli g\u00f6r\u00fcld\u00fc\u011f\u00fc hallerde herhangi bir sipari\u015fi reddedebilir veya iptal edebiliriz.<\/p>\n\n\n\n<ol start=\"6\" class=\"wp-block-list\">\n<li><strong>Dijital i\u00e7erik teslimi<\/strong><\/li>\n<\/ol>\n\n\n\n<p>Dijital i\u00e7erik, \u00f6deme i\u015flemi ba\u015far\u0131yla tamamland\u0131ktan sonra hesab\u0131n\u0131zda indirilmeye haz\u0131r hale getirilerek ve\/veya g\u00fcvenli bir ba\u011flant\u0131 \u00fczerinden teslim edilir. \u00c7o\u011fu durumda teslimat an\u0131nda ger\u00e7ekle\u015fir, ancak teknik veya \u00f6deme i\u015fleme fakt\u00f6rlerinden kaynaklanan nadir gecikmeler ya\u015fanabilir.<br>L\u00fctfen sat\u0131n ald\u0131\u011f\u0131n\u0131z dosyalar\u0131 hemen indirip yedekleyin. Teslimat sonras\u0131nda sat\u0131n ald\u0131\u011f\u0131n\u0131z dosyalar\u0131n yedeklerini g\u00fcvence alt\u0131na almaman\u0131zdan kaynaklanan herhangi bir kay\u0131ptan sorumlu de\u011filiz.<\/p>\n\n\n\n<ol start=\"7\" class=\"wp-block-list\">\n<li><strong>Yapay zeka \u00fcretimi i\u00e7in krediler\/jetonlar<\/strong><\/li>\n<\/ol>\n\n\n\n<p>Krediler\/tokenlar, yapay zeka g\u00f6r\u00fcnt\u00fc olu\u015fturma \u00f6zelliklerimize eri\u015fmenizi ve bunlar\u0131 kullanman\u0131z\u0131 sa\u011flar. Her olu\u015fturma denemesi, kullan\u0131m an\u0131nda Web sitesinde belirtilen kredi\/token say\u0131s\u0131n\u0131 d\u00fc\u015f\u00fcr\u00fcr. Teknik nedenlerle bir olu\u015fturma ba\u015far\u0131s\u0131z olursa ve kullan\u0131labilir bir \u00e7\u0131kt\u0131 sa\u011flanmazsa, etkilenen kredileri\/tokenlar\u0131 otomatik olarak veya talep \u00fczerine geri y\u00fckleriz.<br>Sat\u0131n alma s\u0131ras\u0131nda aksi belirtilmedik\u00e7e, krediler\/tokenlar sat\u0131n alma tarihinden itibaren en az 12 ay ge\u00e7erlidir. Ge\u00e7erlilik s\u00fcresini kendi takdirimize ba\u011fl\u0131 olarak uzatabiliriz. Kullan\u0131lmayan krediler\/tokenlar nakde \u00e7evrilemez ve kanunen zorunlu haller d\u0131\u015f\u0131nda devredilemez.<br>Kredi\/token ba\u015f\u0131na \u00fcretim maliyetini gelece\u011fe d\u00f6n\u00fck olarak de\u011fi\u015ftirebiliriz; bu de\u011fi\u015fiklikler halihaz\u0131rda d\u00fc\u015f\u00fclm\u00fc\u015f kredileri\/tokenlar\u0131 veya kabul edilmi\u015f sipari\u015fleri etkilemeyecektir.<\/p>\n\n\n\n<ol start=\"8\" class=\"wp-block-list\">\n<li><strong>Sat\u0131n al\u0131nan dijital i\u00e7eri\u011fi kullanma lisans\u0131<\/strong><\/li>\n<\/ol>\n\n\n\n<p>\u00d6demenin tamam\u0131 yap\u0131ld\u0131ktan sonra, a\u015fa\u011f\u0131da belirtilen k\u0131s\u0131tlamalara tabi olmak kayd\u0131yla, sat\u0131n ald\u0131\u011f\u0131n\u0131z dijital i\u00e7eri\u011fi ticari projeler de dahil olmak \u00fczere yasal ama\u00e7lar i\u00e7in kullanman\u0131z i\u00e7in size m\u00fcnhas\u0131r olmayan, s\u00fcresiz, d\u00fcnya \u00e7ap\u0131nda bir lisans veriyoruz.<br>Belirli bir \u00fcr\u00fcn sayfas\u0131nda veya ayr\u0131 bir lisans s\u00f6zle\u015fmesinde a\u00e7\u0131k\u00e7a izin verilmedik\u00e7e, \u015funlar\u0131 yapamazs\u0131n\u0131z: (a) i\u00e7eri\u011fi yeniden satmak, yeniden da\u011f\u0131tmak, alt lisanslamak veya &quot;oldu\u011fu gibi&quot; veya ba\u015fkalar\u0131n\u0131n onu ba\u011f\u0131ms\u0131z bir dosya olarak \u00e7\u0131karmas\u0131na olanak tan\u0131yan bir \u015fekilde kullan\u0131ma sunmak; (b) i\u00e7eri\u011fi kendi orijinal eseriniz olarak iddia etmek; (c) \u00f6nceden yaz\u0131l\u0131 izin almadan i\u00e7eri\u011fi herhangi bir ticari marka veya logoda kullanmak; (d) i\u00e7eri\u011fi herhangi bir yasa d\u0131\u015f\u0131, iftira niteli\u011finde, m\u00fcstehcen veya ayr\u0131mc\u0131 \u015fekilde kullanmak; veya (e) mevcutsa g\u00f6m\u00fcl\u00fc meta verileri veya filigranlar\u0131 kald\u0131rmak.<br>Belirli \u00fcr\u00fcnler i\u00e7in ayr\u0131 bir lisans\/son kullan\u0131c\u0131 lisans s\u00f6zle\u015fmesi (EULA) sa\u011flanm\u0131\u015fsa, herhangi bir \u00e7eli\u015fki durumunda bu lisans, bu B\u00f6l\u00fcme g\u00f6re \u00f6ncelikli olacakt\u0131r.<\/p>\n\n\n\n<ol start=\"9\" class=\"wp-block-list\">\n<li><strong>\u0130\u00e7erik ve yapay zeka \u00e7\u0131kt\u0131lar\u0131n\u0131n sahipli\u011fi<\/strong><\/li>\n<\/ol>\n\n\n\n<p>Biz (ve lisans verenlerimiz) Web Sitesi, Hizmetler ve yapay zeka \u00e7\u0131kt\u0131lar\u0131 olu\u015fturmak i\u00e7in kullan\u0131lan t\u00fcm kaynak materyaller \u00fczerindeki t\u00fcm fikri m\u00fclkiyet haklar\u0131na sahibiz. Sizin istemleriniz ve ayarlar\u0131n\u0131z kullan\u0131larak olu\u015fturulan yapay zeka \u00e7\u0131kt\u0131lar\u0131 i\u00e7in, bu \u015eartlara tabi olarak, B\u00f6l\u00fcm 8&#039;de a\u00e7\u0131klanan lisans\u0131 size veriyoruz.<br>Verdi\u011finiz komutlar\u0131n, referans g\u00f6rsellerinin ve di\u011fer girdilerin \u00fc\u00e7\u00fcnc\u00fc taraf haklar\u0131n\u0131 ihlal etmedi\u011finden ve a\u015fa\u011f\u0131daki Kabul Edilebilir Kullan\u0131m kurallar\u0131na uydu\u011fundan emin olmak sizin sorumlulu\u011funuzdad\u0131r.<br>Bu \u015eartlarda belirtilen k\u0131s\u0131tlamalara tabi olmak kayd\u0131yla, sizin verdi\u011finiz komutlar veya bu komutlar\u0131 kullanarak yasal olarak olu\u015fturdu\u011funuz t\u00fcrev eserler \u00fczerinde m\u00fclkiyet hakk\u0131 iddia etmiyoruz.<\/p>\n\n\n\n<ol start=\"10\" class=\"wp-block-list\">\n<li><strong>Kabul edilebilir kullan\u0131m ve yasakl\u0131 i\u00e7erik<\/strong><\/li>\n<\/ol>\n\n\n\n<p>Hizmetleri \u015fu ama\u00e7larla kullanmamay\u0131 kabul edersiniz: (a) yasa d\u0131\u015f\u0131, zararl\u0131 veya k\u00f6t\u00fc ama\u00e7l\u0131 i\u00e7erik; (b) \u00e7ocuklar\u0131 istismar eden veya onlara zarar veren i\u00e7erik; (c) \u015fiddeti veya ter\u00f6rizmi k\u0131\u015fk\u0131rtan i\u00e7erik; (d) gizlilik veya fikri m\u00fclkiyet haklar\u0131n\u0131 ihlal eden i\u00e7erik (bir ki\u015finin g\u00f6r\u00fcnt\u00fcs\u00fcn\u00fcn veya biyometrik tan\u0131mlay\u0131c\u0131lar\u0131n\u0131n yetkisiz kullan\u0131m\u0131 dahil); (e) y\u00fcz tan\u0131ma, g\u00f6zetim veya yasa d\u0131\u015f\u0131 profil olu\u015fturma ama\u00e7l\u0131 i\u00e7erik; veya (f) k\u00f6t\u00fc ama\u00e7l\u0131 yaz\u0131l\u0131m veya sistemleri bozmak i\u00e7in tasarlanm\u0131\u015f i\u00e7erik.<br>G\u00fcvenlik veya kullan\u0131m kontrollerini atlatmaya, web sitesinden veri kaz\u0131maya veya toplu indirme yapmaya ya da di\u011fer kullan\u0131c\u0131lar\u0131n Hizmetlere eri\u015fimini engellemeye \u00e7al\u0131\u015fmamal\u0131s\u0131n\u0131z. Bu B\u00f6l\u00fcm\u00fc ihlal etti\u011finize makul bir \u015fekilde inan\u0131yorsak eri\u015fiminizi ask\u0131ya alabilir veya sonland\u0131rabiliriz.<\/p>\n\n\n\n<ol start=\"11\" class=\"wp-block-list\">\n<li><strong>\u0130ptal hakk\u0131, geri \u00f6demeler ve ters ibrazlar<\/strong><\/li>\n<\/ol>\n\n\n\n<p>Somut bir ortamda sunulmayan dijital i\u00e7erik: \u0130ndirilebilir i\u00e7erik sipari\u015f ederek veya kredi\/token etkinle\u015ftirerek, an\u0131nda teslimat talep etmi\u015f olursunuz ve indirme ba\u015flad\u0131ktan veya kredi\/token ilk kez kullan\u0131ld\u0131ktan sonra iptal etme hakk\u0131n\u0131z\u0131 kaybedece\u011finizi kabul edersiniz.<br>\u0130ndirme i\u015flemine ba\u015flamad\u0131ysan\u0131z ve herhangi bir kredi\/jeton kullanmad\u0131ysan\u0131z, sat\u0131n alma tarihinden itibaren 14 g\u00fcn i\u00e7inde iptal ederek para iadesi alabilirsiniz. Hatal\u0131 dosyalar veya m\u00fckerrer\/izinsiz \u00fccretlendirmeler i\u00e7in l\u00fctfen info@avatar-craft.com adresinden bizimle ileti\u015fime ge\u00e7in; yasalara uygun olarak onar\u0131m, de\u011fi\u015ftirme veya para iadesi yapaca\u011f\u0131z.<br>Yetkisiz geri \u00f6deme talepleri: Ger\u00e7ek bir sorunu \u00e7\u00f6zmek i\u00e7in \u00f6nce bizimle ileti\u015fime ge\u00e7meden geri \u00f6deme talebinde bulunursan\u0131z, hesab\u0131n\u0131z\u0131 ask\u0131ya alabilir ve yasalara uygun olarak \u00f6denmemi\u015f tutar\u0131 ve ihtilaf \u00e7\u00f6z\u00fcm\u00fcn\u00fcn makul maliyetlerini tahsil edebiliriz.<br>Daha fazla bilgi i\u00e7in l\u00fctfen web sitemizde bulunan \u00d6deme ve \u0130ade Politikam\u0131za bak\u0131n.<\/p>\n\n\n\n<ol start=\"12\" class=\"wp-block-list\">\n<li><strong>\u00d6demeler ve i\u015flemler<\/strong><\/li>\n<\/ol>\n\n\n\n<p>\u00d6demeler \u00fc\u00e7\u00fcnc\u00fc taraf \u00f6deme hizmeti sa\u011flay\u0131c\u0131lar\u0131 taraf\u0131ndan i\u015flenir. \u00d6deme kart\u0131 bilgilerinizin tamam\u0131n\u0131 saklam\u0131yoruz. \u00d6deme y\u00f6nteminizin kullan\u0131m\u0131, ilgili sa\u011flay\u0131c\u0131n\u0131n ek \u015fartlar\u0131na tabi olabilir. Gerekti\u011finde g\u00fc\u00e7l\u00fc m\u00fc\u015fteri kimlik do\u011frulamas\u0131 (\u00f6rne\u011fin, 3D Secure) isteyebiliriz.<br>Sahtekarl\u0131kla m\u00fccadele etmek ve yasal y\u00fck\u00fcml\u00fcl\u00fcklere uymak i\u00e7in otomatik kontroller uygulayabiliriz ve kontrollerin tatmin edici bir \u015fekilde tamamlanamamas\u0131 durumunda i\u015flemi reddedebilir veya geri \u00f6deme yapabiliriz.<\/p>\n\n\n\n<ol start=\"13\" class=\"wp-block-list\">\n<li><strong>Uyumluluk ve yapt\u0131r\u0131mlar<\/strong><\/li>\n<\/ol>\n\n\n\n<p>Kapsaml\u0131 yapt\u0131r\u0131mlara tabi herhangi bir \u00fclke veya b\u00f6lgede bulunmad\u0131\u011f\u0131n\u0131z\u0131, bu \u00fclkelerin veya b\u00f6lgelerin kontrol\u00fc alt\u0131nda olmad\u0131\u011f\u0131n\u0131z\u0131 veya bu \u00fclkelerin vatanda\u015f\u0131 veya sakini olmad\u0131\u011f\u0131n\u0131z\u0131 ve ge\u00e7erli herhangi bir yapt\u0131r\u0131m veya yasakl\u0131 taraf listesinde yer almad\u0131\u011f\u0131n\u0131z\u0131 beyan ve garanti edersiniz. Hizmetleri, ge\u00e7erli ihracat kontrol\u00fc veya yapt\u0131r\u0131m yasalar\u0131 taraf\u0131ndan yasaklanan herhangi bir ama\u00e7 i\u00e7in kullanmayacaks\u0131n\u0131z.<\/p>\n\n\n\n<ol start=\"14\" class=\"wp-block-list\">\n<li><strong>Gizlilik ve \u00e7erezler<\/strong><\/li>\n<\/ol>\n\n\n\n<p>Ki\u015fisel verilerinizin i\u015flenmesi Gizlilik Politikam\u0131zda, \u00e7erezlerin ve benzer teknolojilerin kullan\u0131m\u0131 ise \u00c7erez Politikam\u0131zda a\u00e7\u0131klanm\u0131\u015ft\u0131r; her ikisi de Web Sitesinde mevcuttur. Bu politikalar, bu \u015eartlar\u0131n bir par\u00e7as\u0131n\u0131 olu\u015fturmaktad\u0131r.<\/p>\n\n\n\n<ol start=\"15\" class=\"wp-block-list\">\n<li><strong>Hizmetlerin kullan\u0131labilirli\u011fi ve de\u011fi\u015fiklikleri<\/strong><\/li>\n<\/ol>\n\n\n\n<p>Web sitesinin ve hizmetlerin s\u00fcrekli olarak eri\u015filebilir olmas\u0131n\u0131 hedefliyoruz, ancak kesintisiz veya hatas\u0131z \u00e7al\u0131\u015fma garantisi vermiyoruz. Hizmetlerin herhangi bir b\u00f6l\u00fcm\u00fcn\u00fc, me\u015fru ticari veya yasal nedenlerle (\u00f6rne\u011fin, i\u015flevselli\u011fi iyile\u015ftirmek, g\u00fcvenlik sorunlar\u0131n\u0131 gidermek veya yasalara uymak i\u00e7in) istedi\u011fimiz zaman de\u011fi\u015ftirebilir, ask\u0131ya alabilir veya sonland\u0131rabiliriz. De\u011fi\u015fiklikler, hen\u00fcz kullanmad\u0131\u011f\u0131n\u0131z \u00fccretli \u00f6zellikleri \u00f6nemli \u00f6l\u00e7\u00fcde etkiliyorsa, makul bir \u015fekilde hareket edece\u011fiz (\u00f6rne\u011fin, kredileri\/jetonlar\u0131 geri y\u00fckleyece\u011fiz veya e\u015fde\u011fer bir \u00e7\u00f6z\u00fcm sunaca\u011f\u0131z).<\/p>\n\n\n\n<ol start=\"16\" class=\"wp-block-list\">\n<li><strong>Garanti ve sorumluluk<\/strong><\/li>\n<\/ol>\n\n\n\n<p>Hizmetler ve dijital i\u00e7erik, genel kullan\u0131m i\u00e7in &quot;oldu\u011fu gibi&quot; ve &quot;mevcut oldu\u011fu \u015fekilde&quot; sa\u011flanmaktad\u0131r. Yasalar\u0131n izin verdi\u011fi azami \u00f6l\u00e7\u00fcde, belirli bir amaca uygunluk ve ihlal etmeme dahil olmak \u00fczere t\u00fcm z\u0131mni garantilerden feragat ederiz.<br>Bu \u015eartlar&#039;da yer alan hi\u00e7bir h\u00fck\u00fcm, ihmal, doland\u0131r\u0131c\u0131l\u0131k veya \u0130ngiliz hukuku uyar\u0131nca hari\u00e7 tutulamayan di\u011fer herhangi bir y\u00fck\u00fcml\u00fcl\u00fckten kaynaklanan \u00f6l\u00fcm veya ki\u015fisel yaralanma sorumlulu\u011funu hari\u00e7 tutmaz veya s\u0131n\u0131rlamaz.<br>T\u00fcketiciyseniz, s\u00f6zle\u015fme ihlalimiz veya ihmalimizden kaynaklanan \u00f6ng\u00f6r\u00fclebilir kay\u0131p ve zararlardan sorumlu olaca\u011f\u0131z. \u00d6ng\u00f6r\u00fclemeyen kay\u0131p veya zararlardan sorumlu de\u011filiz. 2015 T\u00fcketici Haklar\u0131 Yasas\u0131&#039;n\u0131n gerektirdi\u011fi durumlarda, kusurlu dijital i\u00e7eriklerden kaynaklanan sorumlulu\u011fu hari\u00e7 tutmuyoruz.<br>Kurumsal kullan\u0131c\u0131ysan\u0131z, kar kayb\u0131, sat\u0131\u015f kayb\u0131, i\u015f kayb\u0131, gelir kayb\u0131, beklenen tasarruf kayb\u0131, veri kayb\u0131, itibar kayb\u0131 veya herhangi bir dolayl\u0131 veya sonu\u00e7sal kay\u0131p i\u00e7in sorumluluk kabul etmiyoruz. Hizmetlerle ilgili t\u00fcm talepler i\u00e7in toplam sorumlulu\u011fumuz, talebe yol a\u00e7an olaydan \u00f6nceki 12 ay i\u00e7inde bize \u00f6dedi\u011finiz toplam tutar\u0131 a\u015fmayacakt\u0131r.<\/p>\n\n\n\n<ol start=\"17\" class=\"wp-block-list\">\n<li><strong>Tazminat (i\u015fletme kullan\u0131c\u0131lar\u0131)<\/strong><\/li>\n<\/ol>\n\n\n\n<p>Hizmetleri ticari ama\u00e7larla kullan\u0131yorsan\u0131z, bu \u015eartlar\u0131 ihlal etmenizden, ge\u00e7erli yasalar\u0131 \u00e7i\u011fnemenizden veya Hizmetleri kullanman\u0131zdan (olu\u015fturdu\u011funuz, y\u00fckledi\u011finiz veya da\u011f\u0131tt\u0131\u011f\u0131n\u0131z i\u00e7erik dahil) kaynaklanan her t\u00fcrl\u00fc talep, kay\u0131p, y\u00fck\u00fcml\u00fcl\u00fck, zarar, maliyet ve masraftan (makul avukatl\u0131k \u00fccretleri dahil) bizi tazmin edecek ve zarars\u0131z tutacaks\u0131n\u0131z.<\/p>\n\n\n\n<ol start=\"18\" class=\"wp-block-list\">\n<li><strong>Fesih ve ask\u0131ya alma<\/strong><\/li>\n<\/ol>\n\n\n\n<p>Bu \u015eartlar\u0131 veya ge\u00e7erli yasalar\u0131 ihlal etti\u011finize makul bir \u015fekilde inan\u0131yorsak veya yasa veya yetkili bir makam taraf\u0131ndan gerekli g\u00f6r\u00fcld\u00fc\u011f\u00fc durumlarda Hizmetlere eri\u015fiminizi ask\u0131ya alabilir veya sonland\u0131rabiliriz. Hizmetleri istedi\u011finiz zaman kullanmay\u0131 b\u0131rakabilirsiniz ve bir hesab\u0131n\u0131z varsa, bizimle ileti\u015fime ge\u00e7erek hesab\u0131n\u0131z\u0131n kapat\u0131lmas\u0131n\u0131 talep edebilirsiniz. Sonland\u0131rma, sonland\u0131rma tarihine kadar kazan\u0131lm\u0131\u015f hak ve y\u00fck\u00fcml\u00fcl\u00fckleri etkilemez.<\/p>\n\n\n\n<ol start=\"19\" class=\"wp-block-list\">\n<li><strong>Uygulanacak hukuk ve yarg\u0131 yetkisi<\/strong><\/li>\n<\/ol>\n\n\n\n<p>Bu \u015eartlar ve bunlardan kaynaklanan veya bunlarla ba\u011flant\u0131l\u0131 olarak ortaya \u00e7\u0131kan s\u00f6zle\u015fme d\u0131\u015f\u0131 y\u00fck\u00fcml\u00fcl\u00fckler, \u0130ngiltere ve Galler yasalar\u0131na tabidir. Birle\u015fik Krall\u0131k&#039;ta ikamet eden bir t\u00fcketiciyseniz, ikamet etti\u011finiz yarg\u0131 b\u00f6lgesindeki mahkemelerde yasal i\u015flem ba\u015flatabilirsiniz. Bir i\u015fletmeyseniz, \u0130ngiltere ve Galler mahkemeleri m\u00fcnhas\u0131r yarg\u0131 yetkisine sahiptir.<\/p>\n\n\n\n<ol start=\"20\" class=\"wp-block-list\">\n<li><strong>Bu \u015eartlarda De\u011fi\u015fiklikler<\/strong><\/li>\n<\/ol>\n\n\n\n<p>Bu \u015eartlar\u0131 zaman zaman g\u00fcncelleyebiliriz. G\u00fcncellenen \u015eartlar, Web Sitesinde yay\u0131nland\u0131\u011f\u0131 tarihten veya belirtilen y\u00fcr\u00fcrl\u00fck tarihinden itibaren ge\u00e7erli olacakt\u0131r. De\u011fi\u015fiklikler \u00f6nemliyse ve mevcut sat\u0131n al\u0131mlar\u0131n\u0131z\u0131 veya kredilerinizi\/tokenlar\u0131n\u0131z\u0131 etkiliyorsa, sizi Web Sitesi arac\u0131l\u0131\u011f\u0131yla veya e-posta yoluyla \u00f6nceden bilgilendirmek i\u00e7in makul ad\u0131mlar ataca\u011f\u0131z.<\/p>\n\n\n\n<ol start=\"21\" class=\"wp-block-list\">\n<li><strong>\u00c7e\u015fitli<\/strong><\/li>\n<\/ol>\n\n\n\n<p>E\u011fer bir mahkeme bu \u015eartlar\u0131n bir k\u0131sm\u0131n\u0131 yasa d\u0131\u015f\u0131 bulursa, geri kalan\u0131 y\u00fcr\u00fcrl\u00fckte kalmaya devam edecektir. Bu \u015eartlar kapsam\u0131ndaki haklar\u0131m\u0131z\u0131 ve y\u00fck\u00fcml\u00fcl\u00fcklerimizi ba\u015fka bir kurulu\u015fa devredebiliriz; bu ger\u00e7ekle\u015firse sizi bilgilendirece\u011fiz. Haklar\u0131n\u0131z\u0131 veya y\u00fck\u00fcml\u00fcl\u00fcklerinizi yaln\u0131zca yaz\u0131l\u0131 onay\u0131m\u0131zla devredebilirsiniz. Bir hakk\u0131n kullan\u0131lmamas\u0131 veya kullan\u0131lmas\u0131nda gecikme, bu haktan feragat anlam\u0131na gelmez. Bu \u015eartlar, Hizmetler ile ilgili olarak sizinle aram\u0131zdaki t\u00fcm anla\u015fmay\u0131 olu\u015fturmaktad\u0131r.<\/p>\n\n\n\n<ol start=\"22\" class=\"wp-block-list\">\n<li><strong>\u00d6deme Y\u00f6ntemleri<\/strong><\/li>\n<\/ol>\n\n\n\n<p>A\u015fa\u011f\u0131daki \u00f6deme y\u00f6ntemlerini kabul ediyoruz:<\/p>\n\n\n\n<ul class=\"wp-block-list\">\n<li>Visa<\/li>\n\n\n\n<li>MasterCard<\/li>\n\n\n\n<li>UnionPay<\/li>\n<\/ul>\n\n\n\n<p>T\u00fcm \u00f6demeler sat\u0131n alma an\u0131nda eksiksiz olarak yap\u0131lmal\u0131d\u0131r.<\/p>\n\n\n\n<ol start=\"23\" class=\"wp-block-list\">\n<li><strong>Temas etmek<\/strong><\/li>\n<\/ol>\n\n\n\n<p>Sorular\u0131n\u0131z veya \u015fikayetleriniz i\u00e7in l\u00fctfen info@avatar-craft.com adresinden ileti\u015fime ge\u00e7in.<br>NEWBRIDGE CAPITAL BATH LTD, Dept 6101, 43 Owston Road, Carcroft, Doncaster, Birle\u015fik Krall\u0131k, DN6 8DA.<\/p>\n\n\n\n<p><\/p>","protected":false},"excerpt":{"rendered":"<p>Terms &amp; Conditions NEWBRIDGE CAPITAL BATH LTD\u2014 avatar-craft.com Effective date: 25 August 2025 We are NEWBRIDGE CAPITAL BATH LTD(company number 15793827), a company registered office: Dept 6101, 43 Owston Road, Carcroft, Doncaster, United Kingdom, DN6 8DA.We operate the website at https:\/\/avatar-craft.com (the \u201cWebsite\u201d) under the brand \u201cPhoto Workshop\u201d.You can contact us at info@avatar-craft.com regarding these [&hellip;]<\/p>\n","protected":false},"author":1,"featured_media":0,"parent":0,"menu_order":0,"comment_status":"closed","ping_status":"closed","template":"","meta":{"footnotes":""},"class_list":["post-17420","page","type-page","status-publish","hentry"],"_links":{"self":[{"href":"https:\/\/avatar-craft.com\/tr\/wp-json\/wp\/v2\/pages\/17420","targetHints":{"allow":["GET"]}}],"collection":[{"href":"https:\/\/avatar-craft.com\/tr\/wp-json\/wp\/v2\/pages"}],"about":[{"href":"https:\/\/avatar-craft.com\/tr\/wp-json\/wp\/v2\/types\/page"}],"author":[{"embeddable":true,"href":"https:\/\/avatar-craft.com\/tr\/wp-json\/wp\/v2\/users\/1"}],"replies":[{"embeddable":true,"href":"https:\/\/avatar-craft.com\/tr\/wp-json\/wp\/v2\/comments?post=17420"}],"version-history":[{"count":1,"href":"https:\/\/avatar-craft.com\/tr\/wp-json\/wp\/v2\/pages\/17420\/revisions"}],"predecessor-version":[{"id":17421,"href":"https:\/\/avatar-craft.com\/tr\/wp-json\/wp\/v2\/pages\/17420\/revisions\/17421"}],"wp:attachment":[{"href":"https:\/\/avatar-craft.com\/tr\/wp-json\/wp\/v2\/media?parent=17420"}],"curies":[{"name":"wp","href":"https:\/\/api.w.org\/{rel}","templated":true}]}}