{"id":11668,"date":"2025-02-27T08:24:59","date_gmt":"2025-02-27T08:24:59","guid":{"rendered":"https:\/\/demo.casethemes.net\/mouno\/?page_id=11668"},"modified":"2026-03-16T00:44:49","modified_gmt":"2026-03-16T00:44:49","slug":"about-us","status":"publish","type":"page","link":"https:\/\/avatar-craft.com\/tr\/about-us\/","title":{"rendered":"Hakk\u0131m\u0131zda"},"content":{"rendered":"<div data-elementor-type=\"wp-page\" data-elementor-id=\"11668\" class=\"elementor elementor-11668\" data-elementor-post-type=\"page\">\n\t\t\t\t<div class=\"elementor-element elementor-element-32e551e e-flex e-con-boxed e-con e-parent\" data-id=\"32e551e\" data-element_type=\"container\" data-e-type=\"container\">\t\t\t<div class=\"e-con-inner\">\r\n\t\t\t\t<div class=\"elementor-element elementor-element-7ad6df6 elementor-widget elementor-widget-text-editor\" data-id=\"7ad6df6\" data-element_type=\"widget\" data-e-type=\"widget\" data-widget_type=\"text-editor.default\">\n\t\t\t\t\t\t\t\t\t<p data-start=\"0\" data-end=\"482\"><strong>Avatar Craft, y\u00fcksek kaliteli dijital avatarlar olu\u015fturmaya adanm\u0131\u015f yarat\u0131c\u0131 bir platformdur.<\/strong><br data-start=\"136\" data-end=\"139\" \/>Cesur fantastik portrelerden \u015f\u0131k minimalist simgelere kadar, k\u00fct\u00fcphanemiz d\u00fcnyan\u0131n d\u00f6rt bir yan\u0131ndan yetenekli yarat\u0131c\u0131lar taraf\u0131ndan olu\u015fturulmu\u015f \u00e7e\u015fitli y\u00fcksek kaliteli profil resimleri sunmaktad\u0131r. \u0130ster sosyal medyan\u0131z\u0131 g\u00fcncelliyor olun, ister oyun profili olu\u015fturuyor olun, bir toplulu\u011fu y\u00f6netiyor olun veya i\u00e7erik \u00fcretiyor olun, tarz\u0131n\u0131za m\u00fckemmel \u015fekilde uyan avatarlar bulacaks\u0131n\u0131z.<\/p><p data-start=\"484\" data-end=\"880\"><strong>Orijinalli\u011fe, \u015feffafl\u0131\u011fa ve sanat\u00e7\u0131lar\u0131 g\u00fc\u00e7lendirmeye inan\u0131yoruz.<\/strong><br data-start=\"548\" data-end=\"551\" \/>Avatar Craft&#039;taki her avatar, kalite ve \u00f6zg\u00fcnl\u00fck a\u00e7\u0131s\u0131ndan \u00f6zenle se\u00e7ilmi\u015ftir; a\u015f\u0131r\u0131 kullan\u0131lan \u015fablonlar veya jenerik i\u00e7erik yoktur. Sadece ger\u00e7ek insanlar taraf\u0131ndan yap\u0131lan ger\u00e7ek \u00e7al\u0131\u015fmalar, net lisanslama ve adil fiyatland\u0131rma ile sunulmaktad\u0131r. Misyonumuz, yarat\u0131c\u0131lar\u0131 desteklemek ve bireylerin, yay\u0131nc\u0131lar\u0131n ve topluluklar\u0131n ger\u00e7ekten \u00f6ne \u00e7\u0131kan g\u00f6rsellerle kendilerini ifade etmelerine yard\u0131mc\u0131 olmakt\u0131r.<\/p>\t\t\t\t\t\t\t\t<\/div>\n\t\t\t\t<div class=\"elementor-element elementor-element-2427c32 elementor-widget elementor-widget-pxl_button\" data-id=\"2427c32\" data-element_type=\"widget\" data-e-type=\"widget\" data-widget_type=\"pxl_button.default\">\n\t\t\t\t<div class=\"elementor-widget-container\">\n\t\t\t\t\t<div class=\"pxl-button-wrapper\">\r\n    <a href=\"https:\/\/avatar-craft.com\/tr\/shop\/\"class=\"btn pxl-atc-link pxl-btn-split pxl-btn-link1\">\r\n                    <span class=\"pxl-btn-icon icon-duplicated\">\r\n                                    <svg xmlns=\"http:\/\/www.w3.org\/2000\/svg\" width=\"10\" height=\"10\" viewbox=\"0 0 10 10\" fill=\"none\"><path d=\"M0.408203 9.59188L9.59188 0.408203\" stroke=\"currentcolor\" stroke-width=\"1.12245\"><\/path><path d=\"M0.408203 0.510254H9.48984\" stroke=\"currentcolor\" stroke-width=\"1.12245\"><\/path><path d=\"M9.48987 9.59189V0.510254\" stroke=\"currentcolor\" stroke-width=\"1.12245\"><\/path><\/svg>                            <\/span>\r\n                            <span class=\"pxl-btn-text wow fadeInUp\" data-text=\"See All Avatars\">\r\n                T\u00fcm Avatarlar\u0131 G\u00f6r\u00fcnt\u00fcle            <\/span>\r\n                            <span class=\"pxl-btn-icon icon-main wow rollingBounce rtl\">\r\n                <svg xmlns=\"http:\/\/www.w3.org\/2000\/svg\" width=\"10\" height=\"10\" viewbox=\"0 0 10 10\" fill=\"none\"><path d=\"M0.408203 9.59188L9.59188 0.408203\" stroke=\"currentcolor\" stroke-width=\"1.12245\"><\/path><path d=\"M0.408203 0.510254H9.48984\" stroke=\"currentcolor\" stroke-width=\"1.12245\"><\/path><path d=\"M9.48987 9.59189V0.510254\" stroke=\"currentcolor\" stroke-width=\"1.12245\"><\/path><\/svg>            <\/span>\r\n            <\/a>\r\n<\/div>\r\n\r\n\r\n\r\n\t\t\t\t<\/div>\n\t\t\t\t<\/div>\n\t\t\t\t\t<\/div>\r\n\t\t\t\t<\/div>\r\n\t\t\t\t<\/div>","protected":false},"excerpt":{"rendered":"<p>Avatar Craft is a creative platform dedicated to high-quality digital avatars.From bold fantasy portraits to sleek minimalistic icons, our library offers a diverse collection of high-quality profile images made by skilled creators from around the world. Whether you\u2019re updating your social media, building a gaming profile, managing a community, or creating content, you\u2019ll find avatars [&hellip;]<\/p>\n","protected":false},"author":1,"featured_media":0,"parent":0,"menu_order":0,"comment_status":"closed","ping_status":"closed","template":"","meta":{"footnotes":""},"class_list":["post-11668","page","type-page","status-publish","hentry"],"_links":{"self":[{"href":"https:\/\/avatar-craft.com\/tr\/wp-json\/wp\/v2\/pages\/11668","targetHints":{"allow":["GET"]}}],"collection":[{"href":"https:\/\/avatar-craft.com\/tr\/wp-json\/wp\/v2\/pages"}],"about":[{"href":"https:\/\/avatar-craft.com\/tr\/wp-json\/wp\/v2\/types\/page"}],"author":[{"embeddable":true,"href":"https:\/\/avatar-craft.com\/tr\/wp-json\/wp\/v2\/users\/1"}],"replies":[{"embeddable":true,"href":"https:\/\/avatar-craft.com\/tr\/wp-json\/wp\/v2\/comments?post=11668"}],"version-history":[{"count":10,"href":"https:\/\/avatar-craft.com\/tr\/wp-json\/wp\/v2\/pages\/11668\/revisions"}],"predecessor-version":[{"id":21361,"href":"https:\/\/avatar-craft.com\/tr\/wp-json\/wp\/v2\/pages\/11668\/revisions\/21361"}],"wp:attachment":[{"href":"https:\/\/avatar-craft.com\/tr\/wp-json\/wp\/v2\/media?parent=11668"}],"curies":[{"name":"wp","href":"https:\/\/api.w.org\/{rel}","templated":true}]}}